{"id":61,"date":"2022-07-08T15:27:35","date_gmt":"2022-07-08T13:27:35","guid":{"rendered":"https:\/\/gillet-broc.fr\/?page_id=61"},"modified":"2023-04-21T15:37:39","modified_gmt":"2023-04-21T13:37:39","slug":"nous-contacter","status":"publish","type":"page","link":"https:\/\/gillet-broc.fr\/index.php\/nous-contacter\/","title":{"rendered":"Nous contacter"},"content":{"rendered":"\t\t<div data-elementor-type=\"wp-page\" data-elementor-id=\"61\" class=\"elementor elementor-61\">\n\t\t\t\t\t\t<section class=\"elementor-section elementor-top-section elementor-element elementor-element-59d2bdf1 elementor-section-boxed elementor-section-height-default elementor-section-height-default\" data-id=\"59d2bdf1\" data-element_type=\"section\" data-e-type=\"section\" data-settings=\"{&quot;background_background&quot;:&quot;classic&quot;}\">\n\t\t\t\t\t\t\t<div class=\"elementor-background-overlay\"><\/div>\n\t\t\t\t\t\t\t<div class=\"elementor-container elementor-column-gap-default\">\n\t\t\t\t\t<div class=\"elementor-column elementor-col-100 elementor-top-column elementor-element elementor-element-6fca18b3\" data-id=\"6fca18b3\" data-element_type=\"column\" data-e-type=\"column\">\n\t\t\t<div class=\"elementor-widget-wrap elementor-element-populated\">\n\t\t\t\t\t\t<div class=\"elementor-element elementor-element-4486abb7 elementor-invisible elementor-widget elementor-widget-heading\" data-id=\"4486abb7\" data-element_type=\"widget\" data-e-type=\"widget\" data-settings=\"{&quot;_animation&quot;:&quot;fadeInUp&quot;,&quot;_animation_delay&quot;:500}\" data-widget_type=\"heading.default\">\n\t\t\t\t<div class=\"elementor-widget-container\">\n\t\t\t\t\t<h1 class=\"elementor-heading-title elementor-size-default\">Nous contacter<\/h1>\t\t\t\t<\/div>\n\t\t\t\t<\/div>\n\t\t\t\t\t<\/div>\n\t\t<\/div>\n\t\t\t\t\t<\/div>\n\t\t<\/section>\n\t\t\t\t<section class=\"elementor-section elementor-top-section elementor-element elementor-element-1cc4271 elementor-section-content-top elementor-section-boxed elementor-section-height-default elementor-section-height-default\" data-id=\"1cc4271\" data-element_type=\"section\" data-e-type=\"section\">\n\t\t\t\t\t\t<div class=\"elementor-container elementor-column-gap-default\">\n\t\t\t\t\t<div class=\"elementor-column elementor-col-50 elementor-top-column elementor-element elementor-element-24f49814 elementor-invisible\" data-id=\"24f49814\" data-element_type=\"column\" data-e-type=\"column\" data-settings=\"{&quot;animation&quot;:&quot;fadeInLeft&quot;}\">\n\t\t\t<div class=\"elementor-widget-wrap elementor-element-populated\">\n\t\t\t\t\t\t<div class=\"elementor-element elementor-element-430da227 elementor-widget elementor-widget-image\" data-id=\"430da227\" data-element_type=\"widget\" data-e-type=\"widget\" data-widget_type=\"image.default\">\n\t\t\t\t<div class=\"elementor-widget-container\">\n\t\t\t\t\t\t\t\t\t\t\t\t\t\t\t<img decoding=\"async\" src=\"https:\/\/gillet-broc.fr\/wp-content\/uploads\/elementor\/thumbs\/rawpixel-633841-unsplash-copyright-prgqqgiq01idnrlzdbxyxg9khfd1ucn7oyh690ecya.jpg\" title=\"rawpixel-633841-unsplash-copyright.jpg\" alt=\"rawpixel-633841-unsplash-copyright.jpg\" loading=\"lazy\" \/>\t\t\t\t\t\t\t\t\t\t\t\t\t\t\t<\/div>\n\t\t\t\t<\/div>\n\t\t\t\t\t<\/div>\n\t\t<\/div>\n\t\t\t\t<div class=\"elementor-column elementor-col-50 elementor-top-column elementor-element elementor-element-9b99016 elementor-invisible\" data-id=\"9b99016\" data-element_type=\"column\" data-e-type=\"column\" data-settings=\"{&quot;animation&quot;:&quot;fadeInRight&quot;}\">\n\t\t\t<div class=\"elementor-widget-wrap elementor-element-populated\">\n\t\t\t\t\t\t<div class=\"elementor-element elementor-element-547f1a6e elementor-widget elementor-widget-heading\" data-id=\"547f1a6e\" data-element_type=\"widget\" data-e-type=\"widget\" data-widget_type=\"heading.default\">\n\t\t\t\t<div class=\"elementor-widget-container\">\n\t\t\t\t\t<h2 class=\"elementor-heading-title elementor-size-default\">Consultez notre cabinet d'avocats<\/h2>\t\t\t\t<\/div>\n\t\t\t\t<\/div>\n\t\t\t\t<div class=\"elementor-element elementor-element-1d0f3478 elementor-align-left elementor-mobile-align-left elementor-widget elementor-widget-button\" data-id=\"1d0f3478\" data-element_type=\"widget\" data-e-type=\"widget\" data-widget_type=\"button.default\">\n\t\t\t\t<div class=\"elementor-widget-container\">\n\t\t\t\t\t\t\t\t\t<div class=\"elementor-button-wrapper\">\n\t\t\t\t\t<a class=\"elementor-button elementor-button-link elementor-size-sm\" href=\"tel:(33)%20(0)4%2086%20800%20100\">\n\t\t\t\t\t\t<span class=\"elementor-button-content-wrapper\">\n\t\t\t\t\t\t<span class=\"elementor-button-icon\">\n\t\t\t\t<i aria-hidden=\"true\" class=\"fas fa-phone\"><\/i>\t\t\t<\/span>\n\t\t\t\t\t\t\t\t\t<span class=\"elementor-button-text\">(33) (0)4 86 800 100<\/span>\n\t\t\t\t\t<\/span>\n\t\t\t\t\t<\/a>\n\t\t\t\t<\/div>\n\t\t\t\t\t\t\t\t<\/div>\n\t\t\t\t<\/div>\n\t\t\t\t<div class=\"elementor-element elementor-element-497118d6 elementor-align-left elementor-mobile-align-left elementor-widget elementor-widget-button\" data-id=\"497118d6\" data-element_type=\"widget\" data-e-type=\"widget\" data-widget_type=\"button.default\">\n\t\t\t\t<div class=\"elementor-widget-container\">\n\t\t\t\t\t\t\t\t\t<div class=\"elementor-button-wrapper\">\n\t\t\t\t\t<a class=\"elementor-button elementor-button-link elementor-size-sm\" href=\"mailto:cabinet@gbavocats.org\">\n\t\t\t\t\t\t<span class=\"elementor-button-content-wrapper\">\n\t\t\t\t\t\t<span class=\"elementor-button-icon\">\n\t\t\t\t<i aria-hidden=\"true\" class=\"far fa-envelope\"><\/i>\t\t\t<\/span>\n\t\t\t\t\t\t\t\t\t<span class=\"elementor-button-text\">cabinet@gbavocats.org<\/span>\n\t\t\t\t\t<\/span>\n\t\t\t\t\t<\/a>\n\t\t\t\t<\/div>\n\t\t\t\t\t\t\t\t<\/div>\n\t\t\t\t<\/div>\n\t\t\t\t<div class=\"elementor-element elementor-element-7ea28a05 elementor-widget elementor-widget-text-editor\" data-id=\"7ea28a05\" data-element_type=\"widget\" data-e-type=\"widget\" data-widget_type=\"text-editor.default\">\n\t\t\t\t<div class=\"elementor-widget-container\">\n\t\t\t\t\t\t\t\t\t<p>3, Place du Logis 06580 P\u00e9gomas<\/p>\t\t\t\t\t\t\t\t<\/div>\n\t\t\t\t<\/div>\n\t\t\t\t<section class=\"elementor-section elementor-inner-section elementor-element elementor-element-3d7dbfd5 elementor-section-height-min-height elementor-section-boxed elementor-section-height-default\" data-id=\"3d7dbfd5\" data-element_type=\"section\" data-e-type=\"section\">\n\t\t\t\t\t\t<div class=\"elementor-container elementor-column-gap-default\">\n\t\t\t\t\t<div class=\"elementor-column elementor-col-50 elementor-inner-column elementor-element elementor-element-aa5daa3 elementor-invisible\" data-id=\"aa5daa3\" data-element_type=\"column\" data-e-type=\"column\" data-settings=\"{&quot;animation&quot;:&quot;fadeInLeft&quot;,&quot;animation_delay&quot;:1000}\">\n\t\t\t<div class=\"elementor-widget-wrap elementor-element-populated\">\n\t\t\t\t\t\t<div class=\"elementor-element elementor-element-7036578c elementor-widget elementor-widget-heading\" data-id=\"7036578c\" data-element_type=\"widget\" data-e-type=\"widget\" data-widget_type=\"heading.default\">\n\t\t\t\t<div class=\"elementor-widget-container\">\n\t\t\t\t\t<h3 class=\"elementor-heading-title elementor-size-default\">C\u00e9line Gillet\n<\/h3>\t\t\t\t<\/div>\n\t\t\t\t<\/div>\n\t\t\t\t<div class=\"elementor-element elementor-element-64e6be1c elementor-widget elementor-widget-text-editor\" data-id=\"64e6be1c\" data-element_type=\"widget\" data-e-type=\"widget\" data-widget_type=\"text-editor.default\">\n\t\t\t\t<div class=\"elementor-widget-container\">\n\t\t\t\t\t\t\t\t\t<p>\u00a0<\/p><p>Avocat associ\u00e9<\/p>\t\t\t\t\t\t\t\t<\/div>\n\t\t\t\t<\/div>\n\t\t\t\t<div class=\"elementor-element elementor-element-24e719fa elementor-widget elementor-widget-text-editor\" data-id=\"24e719fa\" data-element_type=\"widget\" data-e-type=\"widget\" data-widget_type=\"text-editor.default\">\n\t\t\t\t<div class=\"elementor-widget-container\">\n\t\t\t\t\t\t\t\t\t<p>T\u00e9l. : (33) (0)4 86 800 100<\/p>\t\t\t\t\t\t\t\t<\/div>\n\t\t\t\t<\/div>\n\t\t\t\t<div class=\"elementor-element elementor-element-56033432 elementor-widget elementor-widget-text-editor\" data-id=\"56033432\" data-element_type=\"widget\" data-e-type=\"widget\" data-widget_type=\"text-editor.default\">\n\t\t\t\t<div class=\"elementor-widget-container\">\n\t\t\t\t\t\t\t\t\t<p>Email: cabinet@gbavocats.org<\/p>\t\t\t\t\t\t\t\t<\/div>\n\t\t\t\t<\/div>\n\t\t\t\t\t<\/div>\n\t\t<\/div>\n\t\t\t\t<div class=\"elementor-column elementor-col-50 elementor-inner-column elementor-element elementor-element-3166ceda elementor-invisible\" data-id=\"3166ceda\" data-element_type=\"column\" data-e-type=\"column\" data-settings=\"{&quot;animation&quot;:&quot;fadeInLeft&quot;,&quot;animation_delay&quot;:1000}\">\n\t\t\t<div class=\"elementor-widget-wrap elementor-element-populated\">\n\t\t\t\t\t\t<div class=\"elementor-element elementor-element-6c0673d3 elementor-widget elementor-widget-heading\" data-id=\"6c0673d3\" data-element_type=\"widget\" data-e-type=\"widget\" data-widget_type=\"heading.default\">\n\t\t\t\t<div class=\"elementor-widget-container\">\n\t\t\t\t\t<h3 class=\"elementor-heading-title elementor-size-default\">Renaud Broc<\/h3>\t\t\t\t<\/div>\n\t\t\t\t<\/div>\n\t\t\t\t<div class=\"elementor-element elementor-element-2c42e6e elementor-widget elementor-widget-text-editor\" data-id=\"2c42e6e\" data-element_type=\"widget\" data-e-type=\"widget\" data-widget_type=\"text-editor.default\">\n\t\t\t\t<div class=\"elementor-widget-container\">\n\t\t\t\t\t\t\t\t\t<p>\u00a0<\/p><p>Avocat associ\u00e9<\/p>\t\t\t\t\t\t\t\t<\/div>\n\t\t\t\t<\/div>\n\t\t\t\t<div class=\"elementor-element elementor-element-6dd2098e elementor-widget elementor-widget-text-editor\" data-id=\"6dd2098e\" data-element_type=\"widget\" data-e-type=\"widget\" data-widget_type=\"text-editor.default\">\n\t\t\t\t<div class=\"elementor-widget-container\">\n\t\t\t\t\t\t\t\t\t<p>T\u00e9l. : (33) (0)4 86 800 100<\/p>\t\t\t\t\t\t\t\t<\/div>\n\t\t\t\t<\/div>\n\t\t\t\t<div class=\"elementor-element elementor-element-3b1b1d4c elementor-widget elementor-widget-text-editor\" data-id=\"3b1b1d4c\" data-element_type=\"widget\" data-e-type=\"widget\" data-widget_type=\"text-editor.default\">\n\t\t\t\t<div class=\"elementor-widget-container\">\n\t\t\t\t\t\t\t\t\t<p>Email: cabinet@gbavocats.org<\/p>\t\t\t\t\t\t\t\t<\/div>\n\t\t\t\t<\/div>\n\t\t\t\t\t<\/div>\n\t\t<\/div>\n\t\t\t\t\t<\/div>\n\t\t<\/section>\n\t\t\t\t\t<\/div>\n\t\t<\/div>\n\t\t\t\t\t<\/div>\n\t\t<\/section>\n\t\t\t\t<section class=\"elementor-section elementor-top-section elementor-element elementor-element-170ce1eb elementor-section-stretched elementor-section-full_width elementor-section-height-default elementor-section-height-default\" data-id=\"170ce1eb\" data-element_type=\"section\" data-e-type=\"section\" data-settings=\"{&quot;stretch_section&quot;:&quot;section-stretched&quot;}\">\n\t\t\t\t\t\t<div class=\"elementor-container elementor-column-gap-no\">\n\t\t\t\t\t<div class=\"elementor-column elementor-col-100 elementor-top-column elementor-element elementor-element-fbc47e5\" data-id=\"fbc47e5\" data-element_type=\"column\" data-e-type=\"column\">\n\t\t\t<div class=\"elementor-widget-wrap elementor-element-populated\">\n\t\t\t\t\t\t<div class=\"elementor-element elementor-element-24717306 elementor-widget elementor-widget-google_maps\" data-id=\"24717306\" data-element_type=\"widget\" data-e-type=\"widget\" data-widget_type=\"google_maps.default\">\n\t\t\t\t<div class=\"elementor-widget-container\">\n\t\t\t\t\t\t\t<div class=\"elementor-custom-embed\">\n\t\t\t<iframe loading=\"lazy\"\n\t\t\t\t\tsrc=\"https:\/\/maps.google.com\/maps?q=Ma%C3%AEtre%20C%C3%A9line%20GILLET%20cannes&#038;t=m&#038;z=14&#038;output=embed&#038;iwloc=near\"\n\t\t\t\t\ttitle=\"Ma\u00eetre C\u00e9line GILLET cannes\"\n\t\t\t\t\taria-label=\"Ma\u00eetre C\u00e9line GILLET cannes\"\n\t\t\t><\/iframe>\n\t\t<\/div>\n\t\t\t\t\t\t<\/div>\n\t\t\t\t<\/div>\n\t\t\t\t\t<\/div>\n\t\t<\/div>\n\t\t\t\t\t<\/div>\n\t\t<\/section>\n\t\t\t\t<section class=\"elementor-section elementor-top-section elementor-element elementor-element-4457e3a9 elementor-section-boxed elementor-section-height-default elementor-section-height-default\" data-id=\"4457e3a9\" data-element_type=\"section\" data-e-type=\"section\" data-settings=\"{&quot;background_background&quot;:&quot;classic&quot;}\">\n\t\t\t\t\t\t<div class=\"elementor-container elementor-column-gap-default\">\n\t\t\t\t\t<div class=\"elementor-column elementor-col-50 elementor-top-column elementor-element elementor-element-6a7f89f3\" data-id=\"6a7f89f3\" data-element_type=\"column\" data-e-type=\"column\" data-settings=\"{&quot;background_background&quot;:&quot;classic&quot;}\">\n\t\t\t<div class=\"elementor-widget-wrap\">\n\t\t\t\t\t\t\t<\/div>\n\t\t<\/div>\n\t\t\t\t<div class=\"elementor-column elementor-col-50 elementor-top-column elementor-element elementor-element-4b924ae5\" data-id=\"4b924ae5\" data-element_type=\"column\" data-e-type=\"column\">\n\t\t\t<div class=\"elementor-widget-wrap elementor-element-populated\">\n\t\t\t\t\t\t<div class=\"elementor-element elementor-element-7cebd6f1 elementor-align-right elementor-tablet-align-center elementor-widget elementor-widget-button\" data-id=\"7cebd6f1\" data-element_type=\"widget\" data-e-type=\"widget\" data-widget_type=\"button.default\">\n\t\t\t\t<div class=\"elementor-widget-container\">\n\t\t\t\t\t\t\t\t\t<div class=\"elementor-button-wrapper\">\n\t\t\t\t\t<a class=\"elementor-button elementor-button-link elementor-size-sm\" href=\"#\">\n\t\t\t\t\t\t<span class=\"elementor-button-content-wrapper\">\n\t\t\t\t\t\t\t\t\t<span class=\"elementor-button-text\">Consultation<\/span>\n\t\t\t\t\t<\/span>\n\t\t\t\t\t<\/a>\n\t\t\t\t<\/div>\n\t\t\t\t\t\t\t\t<\/div>\n\t\t\t\t<\/div>\n\t\t\t\t\t<\/div>\n\t\t<\/div>\n\t\t\t\t\t<\/div>\n\t\t<\/section>\n\t\t\t\t<\/div>\n\t\t","protected":false},"excerpt":{"rendered":"<p>Nous contacter Consultez notre cabinet d&rsquo;avocats (33) (0)4 86 800 100 cabinet@gbavocats.org 3, Place du Logis 06580 P\u00e9gomas C\u00e9line Gillet \u00a0 Avocat associ\u00e9 T\u00e9l. : (33) (0)4 86 800 100 Email: cabinet@gbavocats.org Renaud Broc \u00a0 Avocat associ\u00e9 T\u00e9l. : (33) (0)4 86 800 100 Email: cabinet@gbavocats.org Consultation<\/p>\n","protected":false},"author":1,"featured_media":0,"parent":0,"menu_order":0,"comment_status":"closed","ping_status":"closed","template":"","meta":{"footnotes":""},"class_list":["post-61","page","type-page","status-publish","hentry"],"yoast_head":"<!-- This site is optimized with the Yoast SEO plugin v20.6 - https:\/\/yoast.com\/wordpress\/plugins\/seo\/ -->\n<title>Nous contacter - Avocat Gillet-Broc<\/title>\n<meta name=\"robots\" content=\"index, follow, max-snippet:-1, max-image-preview:large, max-video-preview:-1\" \/>\n<link rel=\"canonical\" href=\"https:\/\/gillet-broc.fr\/index.php\/nous-contacter\/\" \/>\n<meta property=\"og:locale\" content=\"fr_FR\" \/>\n<meta property=\"og:type\" content=\"article\" \/>\n<meta property=\"og:title\" content=\"Nous contacter - Avocat Gillet-Broc\" \/>\n<meta property=\"og:description\" content=\"Nous contacter Consultez notre cabinet d&rsquo;avocats (33) (0)4 86 800 100 cabinet@gbavocats.org 3, Place du Logis 06580 P\u00e9gomas C\u00e9line Gillet \u00a0 Avocat associ\u00e9 T\u00e9l. : (33) (0)4 86 800 100 Email: cabinet@gbavocats.org Renaud Broc \u00a0 Avocat associ\u00e9 T\u00e9l. : (33) (0)4 86 800 100 Email: cabinet@gbavocats.org Consultation\" \/>\n<meta property=\"og:url\" content=\"https:\/\/gillet-broc.fr\/index.php\/nous-contacter\/\" \/>\n<meta property=\"og:site_name\" content=\"Avocat Gillet-Broc\" \/>\n<meta property=\"article:modified_time\" content=\"2023-04-21T13:37:39+00:00\" \/>\n<meta property=\"og:image\" content=\"https:\/\/gillet-broc.fr\/wp-content\/uploads\/elementor\/thumbs\/rawpixel-633841-unsplash-copyright-prgqqgiq01idnrlzdbxyxg9khfd1ucn7oyh690ecya.jpg\" \/>\n<meta name=\"twitter:card\" content=\"summary_large_image\" \/>\n<script type=\"application\/ld+json\" class=\"yoast-schema-graph\">{\"@context\":\"https:\/\/schema.org\",\"@graph\":[{\"@type\":\"WebPage\",\"@id\":\"https:\/\/gillet-broc.fr\/index.php\/nous-contacter\/\",\"url\":\"https:\/\/gillet-broc.fr\/index.php\/nous-contacter\/\",\"name\":\"Nous contacter - Avocat Gillet-Broc\",\"isPartOf\":{\"@id\":\"https:\/\/gillet-broc.fr\/#website\"},\"datePublished\":\"2022-07-08T13:27:35+00:00\",\"dateModified\":\"2023-04-21T13:37:39+00:00\",\"breadcrumb\":{\"@id\":\"https:\/\/gillet-broc.fr\/index.php\/nous-contacter\/#breadcrumb\"},\"inLanguage\":\"fr-FR\",\"potentialAction\":[{\"@type\":\"ReadAction\",\"target\":[\"https:\/\/gillet-broc.fr\/index.php\/nous-contacter\/\"]}]},{\"@type\":\"BreadcrumbList\",\"@id\":\"https:\/\/gillet-broc.fr\/index.php\/nous-contacter\/#breadcrumb\",\"itemListElement\":[{\"@type\":\"ListItem\",\"position\":1,\"name\":\"Accueil\",\"item\":\"https:\/\/gillet-broc.fr\/\"},{\"@type\":\"ListItem\",\"position\":2,\"name\":\"Nous contacter\"}]},{\"@type\":\"WebSite\",\"@id\":\"https:\/\/gillet-broc.fr\/#website\",\"url\":\"https:\/\/gillet-broc.fr\/\",\"name\":\"Le Cabinet GB Avocat\",\"description\":\"Le cabinet GB Avocats est le fruit de l\u2019association de deux avocats, C\u00e9line GILLET et Renaud BROC.  Install\u00e9s sur le Barreau de GRASSE, C\u00e9line GILLET et Renaud BROC ont acquis une solide exp\u00e9rience et d\u00e9fendent les int\u00e9r\u00eats de leurs clients, professionnels ou particuliers, institutions publiques ou priv\u00e9es.\",\"publisher\":{\"@id\":\"https:\/\/gillet-broc.fr\/#organization\"},\"potentialAction\":[{\"@type\":\"SearchAction\",\"target\":{\"@type\":\"EntryPoint\",\"urlTemplate\":\"https:\/\/gillet-broc.fr\/?s={search_term_string}\"},\"query-input\":\"required name=search_term_string\"}],\"inLanguage\":\"fr-FR\"},{\"@type\":\"Organization\",\"@id\":\"https:\/\/gillet-broc.fr\/#organization\",\"name\":\"Le Cabinet GB Avocat\",\"url\":\"https:\/\/gillet-broc.fr\/\",\"logo\":{\"@type\":\"ImageObject\",\"inLanguage\":\"fr-FR\",\"@id\":\"https:\/\/gillet-broc.fr\/#\/schema\/logo\/image\/\",\"url\":\"https:\/\/gillet-broc.fr\/wp-content\/uploads\/2022\/12\/Logo_GB-meilleure-definition-1.png\",\"contentUrl\":\"https:\/\/gillet-broc.fr\/wp-content\/uploads\/2022\/12\/Logo_GB-meilleure-definition-1.png\",\"width\":4068,\"height\":4068,\"caption\":\"Le Cabinet GB Avocat\"},\"image\":{\"@id\":\"https:\/\/gillet-broc.fr\/#\/schema\/logo\/image\/\"}}]}<\/script>\n<!-- \/ Yoast SEO plugin. -->","yoast_head_json":{"title":"Nous contacter - Avocat Gillet-Broc","robots":{"index":"index","follow":"follow","max-snippet":"max-snippet:-1","max-image-preview":"max-image-preview:large","max-video-preview":"max-video-preview:-1"},"canonical":"https:\/\/gillet-broc.fr\/index.php\/nous-contacter\/","og_locale":"fr_FR","og_type":"article","og_title":"Nous contacter - Avocat Gillet-Broc","og_description":"Nous contacter Consultez notre cabinet d&rsquo;avocats (33) (0)4 86 800 100 cabinet@gbavocats.org 3, Place du Logis 06580 P\u00e9gomas C\u00e9line Gillet \u00a0 Avocat associ\u00e9 T\u00e9l. : (33) (0)4 86 800 100 Email: cabinet@gbavocats.org Renaud Broc \u00a0 Avocat associ\u00e9 T\u00e9l. : (33) (0)4 86 800 100 Email: cabinet@gbavocats.org Consultation","og_url":"https:\/\/gillet-broc.fr\/index.php\/nous-contacter\/","og_site_name":"Avocat Gillet-Broc","article_modified_time":"2023-04-21T13:37:39+00:00","og_image":[{"url":"https:\/\/gillet-broc.fr\/wp-content\/uploads\/elementor\/thumbs\/rawpixel-633841-unsplash-copyright-prgqqgiq01idnrlzdbxyxg9khfd1ucn7oyh690ecya.jpg"}],"twitter_card":"summary_large_image","schema":{"@context":"https:\/\/schema.org","@graph":[{"@type":"WebPage","@id":"https:\/\/gillet-broc.fr\/index.php\/nous-contacter\/","url":"https:\/\/gillet-broc.fr\/index.php\/nous-contacter\/","name":"Nous contacter - Avocat Gillet-Broc","isPartOf":{"@id":"https:\/\/gillet-broc.fr\/#website"},"datePublished":"2022-07-08T13:27:35+00:00","dateModified":"2023-04-21T13:37:39+00:00","breadcrumb":{"@id":"https:\/\/gillet-broc.fr\/index.php\/nous-contacter\/#breadcrumb"},"inLanguage":"fr-FR","potentialAction":[{"@type":"ReadAction","target":["https:\/\/gillet-broc.fr\/index.php\/nous-contacter\/"]}]},{"@type":"BreadcrumbList","@id":"https:\/\/gillet-broc.fr\/index.php\/nous-contacter\/#breadcrumb","itemListElement":[{"@type":"ListItem","position":1,"name":"Accueil","item":"https:\/\/gillet-broc.fr\/"},{"@type":"ListItem","position":2,"name":"Nous contacter"}]},{"@type":"WebSite","@id":"https:\/\/gillet-broc.fr\/#website","url":"https:\/\/gillet-broc.fr\/","name":"Le Cabinet GB Avocat","description":"Le cabinet GB Avocats est le fruit de l\u2019association de deux avocats, C\u00e9line GILLET et Renaud BROC.  Install\u00e9s sur le Barreau de GRASSE, C\u00e9line GILLET et Renaud BROC ont acquis une solide exp\u00e9rience et d\u00e9fendent les int\u00e9r\u00eats de leurs clients, professionnels ou particuliers, institutions publiques ou priv\u00e9es.","publisher":{"@id":"https:\/\/gillet-broc.fr\/#organization"},"potentialAction":[{"@type":"SearchAction","target":{"@type":"EntryPoint","urlTemplate":"https:\/\/gillet-broc.fr\/?s={search_term_string}"},"query-input":"required name=search_term_string"}],"inLanguage":"fr-FR"},{"@type":"Organization","@id":"https:\/\/gillet-broc.fr\/#organization","name":"Le Cabinet GB Avocat","url":"https:\/\/gillet-broc.fr\/","logo":{"@type":"ImageObject","inLanguage":"fr-FR","@id":"https:\/\/gillet-broc.fr\/#\/schema\/logo\/image\/","url":"https:\/\/gillet-broc.fr\/wp-content\/uploads\/2022\/12\/Logo_GB-meilleure-definition-1.png","contentUrl":"https:\/\/gillet-broc.fr\/wp-content\/uploads\/2022\/12\/Logo_GB-meilleure-definition-1.png","width":4068,"height":4068,"caption":"Le Cabinet GB Avocat"},"image":{"@id":"https:\/\/gillet-broc.fr\/#\/schema\/logo\/image\/"}}]}},"_links":{"self":[{"href":"https:\/\/gillet-broc.fr\/index.php\/wp-json\/wp\/v2\/pages\/61","targetHints":{"allow":["GET"]}}],"collection":[{"href":"https:\/\/gillet-broc.fr\/index.php\/wp-json\/wp\/v2\/pages"}],"about":[{"href":"https:\/\/gillet-broc.fr\/index.php\/wp-json\/wp\/v2\/types\/page"}],"author":[{"embeddable":true,"href":"https:\/\/gillet-broc.fr\/index.php\/wp-json\/wp\/v2\/users\/1"}],"replies":[{"embeddable":true,"href":"https:\/\/gillet-broc.fr\/index.php\/wp-json\/wp\/v2\/comments?post=61"}],"version-history":[{"count":43,"href":"https:\/\/gillet-broc.fr\/index.php\/wp-json\/wp\/v2\/pages\/61\/revisions"}],"predecessor-version":[{"id":560,"href":"https:\/\/gillet-broc.fr\/index.php\/wp-json\/wp\/v2\/pages\/61\/revisions\/560"}],"wp:attachment":[{"href":"https:\/\/gillet-broc.fr\/index.php\/wp-json\/wp\/v2\/media?parent=61"}],"curies":[{"name":"wp","href":"https:\/\/api.w.org\/{rel}","templated":true}]}}